{"id":401,"date":"2020-09-27T12:52:15","date_gmt":"2020-09-27T10:52:15","guid":{"rendered":"https:\/\/noclegifilarowka.pl\/?page_id=401"},"modified":"2020-09-27T12:52:15","modified_gmt":"2020-09-27T10:52:15","slug":"wypozyczalnia-rowerow","status":"publish","type":"page","link":"https:\/\/noclegifilarowka.pl\/?page_id=401","title":{"rendered":"Wypo\u017cyczalnia rower\u00f3w"},"content":{"rendered":"\n<p>Zach\u0119camy do wypo\u017cyczenia rower\u00f3w, kt\u00f3rymi w wygodny spos\u00f3b mo\u017cna zwiedza\u0107 malownicz\u0105 okolic\u0119.<\/p>\n\n\n\n<p>Po wi\u0119cej informacji zapraszam do kontaktu.<\/p>\n\n\n\n<style type=\"text\/css\" scoped>.rbs_gallery_69e35d5422850Spinner{\r\n\t\t\t\tmargin: 50px auto;\r\n\t\t\t\twidth: 50px;\r\n\t\t\t\theight: 40px;\r\n\t\t\t\ttext-align: center;\r\n\t\t\t\tfont-size: 10px;\r\n\t\t\t}\r\n\t\t\t.rbs_gallery_69e35d5422850Spinner > div{\r\n\t\t\t  background-color: #333;\r\n\t\t\t  height: 100%;\r\n\t\t\t  width: 6px;\r\n\t\t\t  display: inline-block;\r\n\t\t\t  -webkit-animation: rbs_gallery_69e35d5422850-stretchdelay 1.2s infinite ease-in-out;\r\n\t\t\t  animation: rbs_gallery_69e35d5422850-stretchdelay 1.2s infinite ease-in-out;\r\n\t\t\t}\r\n\t\t\t.rbs_gallery_69e35d5422850Spinner .rbs_gallery_69e35d5422850Rect2 {\r\n\t\t\t  -webkit-animation-delay: -1.1s;\r\n\t\t\t  animation-delay: -1.1s;\r\n\t\t\t}\r\n\t\t\t.rbs_gallery_69e35d5422850Spinner .rbs_gallery_69e35d5422850Rect3 {\r\n\t\t\t  -webkit-animation-delay: -1.0s;\r\n\t\t\t  animation-delay: -1.0s;\r\n\t\t\t}\r\n\t\t\t.rbs_gallery_69e35d5422850Spinner .rbs_gallery_69e35d5422850Rect4 {\r\n\t\t\t  -webkit-animation-delay: -0.9s;\r\n\t\t\t  animation-delay: -0.9s;\r\n\t\t\t}\r\n\t\t\t.rbs_gallery_69e35d5422850Spinner .rbs_gallery_69e35d5422850Rect5 {\r\n\t\t\t  -webkit-animation-delay: -0.8s;\r\n\t\t\t  animation-delay: -0.8s;\r\n\t\t\t}\r\n\t\t\t@-webkit-keyframes rbs_gallery_69e35d5422850-stretchdelay {\r\n\t\t\t  0%, 40%, 100% { -webkit-transform: scaleY(0.4) }  \r\n\t\t\t  20% { -webkit-transform: scaleY(1.0) }\r\n\t\t\t}\r\n\t\t\t@keyframes rbs_gallery_69e35d5422850-stretchdelay {\r\n\t\t\t  0%, 40%, 100% { \r\n\t\t\t    transform: scaleY(0.4);\r\n\t\t\t    -webkit-transform: scaleY(0.4);\r\n\t\t\t  }  20% { \r\n\t\t\t    transform: scaleY(1.0);\r\n\t\t\t    -webkit-transform: scaleY(1.0);\r\n\t\t\t  }\r\n\t\t\t}\r\n\t\t<\/style><div class=\"robo-gallery-wrap robo-gallery-wrap-id354 robo-gallery-\" ><div id=\"rbs_gallery_69e35d5422850-block-loader\" class=\"rbs_gallery_69e35d5422850Spinner\"><div class=\"rbs_gallery_69e35d5422850Rect1\"><\/div> <div class=\"rbs_gallery_69e35d5422850Rect2\"><\/div> <div class=\"rbs_gallery_69e35d5422850Rect3\"><\/div> <div class=\"rbs_gallery_69e35d5422850Rect4\"><\/div> <div class=\"rbs_gallery_69e35d5422850Rect5\"><\/div><\/div><div class=\"rbs_gallery_button  rbs_gallery_align_left\" id=\"rbs_gallery_69e35d5422850filter\" style=\" display: none;\" ><a class=\"button button-flat-primary button-large  \" href=\"#\" data-filter=\"*\">Wszystkie zdj\u0119cia<\/a><a class=\"button button-flat-primary button-large  \" href=\"#\" data-filter=\".category354\">Wypo\u017cyczalnia rower\u00f3w<\/a><\/div><div id=\"robo_gallery_main_block_rbs_gallery_69e35d5422850\" class=\"robogallery-gallery-354\" style=\"width:100%;margin:0 auto;  display: none;\"><div id=\"rbs_gallery_69e35d5422850\" data-options=\"rbs_gallery_69e35d5422850\" style=\"width:100%;\" class=\"robo_gallery  \"><div class=\"rbs-img  category354 \" ><div class=\"rbs-img-image   rbs-lightbox \" ><div class=\"rbs-img-thumbs\"  data-thumbnail=\"https:\/\/noclegifilarowka.pl\/wp-content\/uploads\/2020\/09\/IMG_0640-281x300.jpg\"  title=\"IMG_0640\"  data-width=\"281\"  data-height=\"300\" ><\/div><div class=\"rbs-img-data-popup\"  data-popup=\"https:\/\/noclegifilarowka.pl\/wp-content\/uploads\/2020\/09\/IMG_0640.jpg\"  title=\"IMG_0640\" ><\/div><div class=\"thumbnail-overlay\"><div class=\"rbsIcons\"><i class=\"fa fa-search-plus rbsZoomIcon \" ><\/i><\/div><\/div><\/div><\/div><div class=\"rbs-img  category354 \" ><div class=\"rbs-img-image   rbs-lightbox \" ><div class=\"rbs-img-thumbs\"  data-thumbnail=\"https:\/\/noclegifilarowka.pl\/wp-content\/uploads\/2020\/05\/IMG_20200519_111332-300x169.jpg\"  title=\"IMG_20200519_111332\"  data-width=\"300\"  data-height=\"169\" ><\/div><div class=\"rbs-img-data-popup\"  data-popup=\"https:\/\/noclegifilarowka.pl\/wp-content\/uploads\/2020\/05\/IMG_20200519_111332.jpg\"  title=\"IMG_20200519_111332\" ><\/div><div class=\"thumbnail-overlay\"><div class=\"rbsIcons\"><i class=\"fa fa-search-plus rbsZoomIcon \" ><\/i><\/div><\/div><\/div><\/div><div class=\"rbs-img  category354 \" ><div class=\"rbs-img-image   rbs-lightbox \" ><div class=\"rbs-img-thumbs\"  data-thumbnail=\"https:\/\/noclegifilarowka.pl\/wp-content\/uploads\/2020\/05\/IMG_20200519_111350-300x169.jpg\"  title=\"IMG_20200519_111350\"  data-width=\"300\"  data-height=\"169\" ><\/div><div class=\"rbs-img-data-popup\"  data-popup=\"https:\/\/noclegifilarowka.pl\/wp-content\/uploads\/2020\/05\/IMG_20200519_111350-e1590947357642.jpg\"  title=\"IMG_20200519_111350\" ><\/div><div class=\"thumbnail-overlay\"><div class=\"rbsIcons\"><i class=\"fa fa-search-plus rbsZoomIcon \" ><\/i><\/div><\/div><\/div><\/div><\/div><\/div><\/div><script>var rbs_gallery_69e35d5422850 = {\"version\":\"5.1.4\",\"id\":354,\"class\":\"id354\",\"roboGalleryDelay\":1000,\"mainContainer\":\"#robo_gallery_main_block_rbs_gallery_69e35d5422850\",\"loadingContainer\":\"#rbs_gallery_69e35d5422850-block-loader\",\"loadingContainerObj\":\"rbs_gallery_69e35d5422850-block-loader\",\"columnWidth\":\"auto\",\"columns\":3,\"resolutions\":[{\"columnWidth\":\"auto\",\"columns\":3,\"maxWidth\":960},{\"columnWidth\":\"auto\",\"columns\":2,\"maxWidth\":650},{\"columnWidth\":\"auto\",\"columns\":1,\"maxWidth\":450}],\"lightboxOptions\":{\"gallery\":{\"enabled\":true,\"tCounter\":\"%curr% of %total%\"}},\"overlayEffect\":\"direction-aware-fade\",\"boxesToLoadStart\":12,\"boxesToLoad\":8,\"waitUntilThumbLoads\":1,\"LoadingWord\":\"Loading...\",\"loadMoreWord\":\"Load More\",\"noMoreEntriesWord\":\"No More Entries\",\"horizontalSpaceBetweenBoxes\":15,\"verticalSpaceBetweenBoxes\":15,\"lazyLoad\":0,\"wrapContainer\":\"#robo-gallery-wrap-rbs_gallery_69e35d5422850\",\"filterContainer\":\"#rbs_gallery_69e35d5422850filter\",\"loadMoreClass\":\"button-flat-primary button-large \"};<\/script>\n","protected":false},"excerpt":{"rendered":"<p>Zach\u0119camy do wypo\u017cyczenia rower\u00f3w, kt\u00f3rymi w wygodny spos\u00f3b mo\u017cna zwiedza\u0107 malownicz\u0105 okolic\u0119. Po wi\u0119cej informacji zapraszam do kontaktu.<\/p>\n","protected":false},"author":1,"featured_media":0,"parent":0,"menu_order":0,"comment_status":"closed","ping_status":"closed","template":"","meta":{"footnotes":""},"class_list":["post-401","page","type-page","status-publish","hentry"],"_links":{"self":[{"href":"https:\/\/noclegifilarowka.pl\/index.php?rest_route=\/wp\/v2\/pages\/401","targetHints":{"allow":["GET"]}}],"collection":[{"href":"https:\/\/noclegifilarowka.pl\/index.php?rest_route=\/wp\/v2\/pages"}],"about":[{"href":"https:\/\/noclegifilarowka.pl\/index.php?rest_route=\/wp\/v2\/types\/page"}],"author":[{"embeddable":true,"href":"https:\/\/noclegifilarowka.pl\/index.php?rest_route=\/wp\/v2\/users\/1"}],"replies":[{"embeddable":true,"href":"https:\/\/noclegifilarowka.pl\/index.php?rest_route=%2Fwp%2Fv2%2Fcomments&post=401"}],"version-history":[{"count":2,"href":"https:\/\/noclegifilarowka.pl\/index.php?rest_route=\/wp\/v2\/pages\/401\/revisions"}],"predecessor-version":[{"id":404,"href":"https:\/\/noclegifilarowka.pl\/index.php?rest_route=\/wp\/v2\/pages\/401\/revisions\/404"}],"wp:attachment":[{"href":"https:\/\/noclegifilarowka.pl\/index.php?rest_route=%2Fwp%2Fv2%2Fmedia&parent=401"}],"curies":[{"name":"wp","href":"https:\/\/api.w.org\/{rel}","templated":true}]}}