{"id":5,"date":"2019-07-25T21:58:42","date_gmt":"2019-07-25T19:58:42","guid":{"rendered":"https:\/\/noclegifilarowka.pl\/?page_id=5"},"modified":"2022-08-10T20:00:47","modified_gmt":"2022-08-10T18:00:47","slug":"strona-glowna","status":"publish","type":"page","link":"https:\/\/noclegifilarowka.pl\/","title":{"rendered":"Filar\u00f3wka &#8211; Noclegi w Ojcowskim Parku Narodowym"},"content":{"rendered":"\n<p><\/p>\n\n\n\n<p>Po\u0142o\u017cone w pi\u0119knej, zacisznej oraz zalesionej okolicy w S\u0105spowie. Pensjonat znajduje si\u0119 oko\u0142o 500 m od Doliny S\u0105spowskiej, do kt\u00f3rej mo\u017cna dotrze\u0107 pieszo b\u0105d\u017a za pomoc\u0105 roweru, poprzez malownicz\u0105 le\u015bn\u0105 \u015bcie\u017ck\u0119, kt\u00f3ra pozwala w pe\u0142ni poczu\u0107 blisko\u015b\u0107 natury.<br><\/p>\n\n\n\n<p>Dolina S\u0105spowska prowadzi wprost do centrum Ojcowa, oddalonego oko\u0142o 4 kilometry.<\/p>\n\n\n\n<p> Jura Krakowsko \u2013 Cz\u0119stochowska, gdzie znajduje si\u0119 nasz pensonat, bogata jest w powsta\u0142e w naturalny spos\u00f3b jaskinie, ska\u0142y, lasy oraz rzeki. Zach\u0119camy do sprawdzenia zak\u0142adki Okoliczne atrakcje po wi\u0119cej informacji.<\/p>\n\n\n\n<hr class=\"wp-block-separator is-style-dots\"\/>\n\n\n\n<p>Do Pa\u0144stwa dyspozycji udost\u0119pniamy pokoje 2, 3, 4 \u2013 osobowe z balkonem lub kominkiem, dwie w pe\u0142ni wyposa\u017cone kuchnie oraz \u0142azienki.<br> Na terenie Filar\u00f3wki znajduje si\u0119 drewniana altana, grill, hu\u015btawka, zewn\u0119trzny basen oraz miejsce na plenerowe ognisko. <br> <\/p>\n\n\n\n<p>Na terenie posesji znajduje si\u0119 bezp\u0142atny parking.<\/p>\n\n\n\n<p><strong>Ceny za noc zaczynaj\u0105 si\u0119 ju\u017c od 30z\u0142!<\/strong><\/p>\n\n\n\n<p>Zach\u0119camy do obejrzenia galerii zdj\u0119\u0107 oraz kontaktu telefonicznego, w celu poznania szczeg\u00f3\u0142\u00f3w dotycz\u0105cych noclegu.<br> <\/p>\n\n\n\n<p class=\"has-text-align-center\">Zapraszamy!<\/p>\n","protected":false},"excerpt":{"rendered":"<p>Po\u0142o\u017cone w pi\u0119knej, zacisznej oraz zalesionej okolicy w S\u0105spowie. Pensjonat znajduje si\u0119 oko\u0142o 500 m od Doliny S\u0105spowskiej, do kt\u00f3rej mo\u017cna dotrze\u0107 pieszo b\u0105d\u017a za pomoc\u0105 roweru, poprzez malownicz\u0105 le\u015bn\u0105 \u015bcie\u017ck\u0119, kt\u00f3ra pozwala w pe\u0142ni poczu\u0107 blisko\u015b\u0107 natury. Dolina S\u0105spowska prowadzi wprost do centrum Ojcowa, oddalonego oko\u0142o 4 kilometry. Jura Krakowsko \u2013 Cz\u0119stochowska, gdzie znajduje [&hellip;]<\/p>\n","protected":false},"author":1,"featured_media":0,"parent":0,"menu_order":0,"comment_status":"closed","ping_status":"closed","template":"","meta":{"footnotes":""},"class_list":["post-5","page","type-page","status-publish","hentry"],"_links":{"self":[{"href":"https:\/\/noclegifilarowka.pl\/index.php?rest_route=\/wp\/v2\/pages\/5","targetHints":{"allow":["GET"]}}],"collection":[{"href":"https:\/\/noclegifilarowka.pl\/index.php?rest_route=\/wp\/v2\/pages"}],"about":[{"href":"https:\/\/noclegifilarowka.pl\/index.php?rest_route=\/wp\/v2\/types\/page"}],"author":[{"embeddable":true,"href":"https:\/\/noclegifilarowka.pl\/index.php?rest_route=\/wp\/v2\/users\/1"}],"replies":[{"embeddable":true,"href":"https:\/\/noclegifilarowka.pl\/index.php?rest_route=%2Fwp%2Fv2%2Fcomments&post=5"}],"version-history":[{"count":13,"href":"https:\/\/noclegifilarowka.pl\/index.php?rest_route=\/wp\/v2\/pages\/5\/revisions"}],"predecessor-version":[{"id":467,"href":"https:\/\/noclegifilarowka.pl\/index.php?rest_route=\/wp\/v2\/pages\/5\/revisions\/467"}],"wp:attachment":[{"href":"https:\/\/noclegifilarowka.pl\/index.php?rest_route=%2Fwp%2Fv2%2Fmedia&parent=5"}],"curies":[{"name":"wp","href":"https:\/\/api.w.org\/{rel}","templated":true}]}}