{"id":6,"date":"2019-07-25T21:58:42","date_gmt":"2019-07-25T19:58:42","guid":{"rendered":"https:\/\/noclegifilarowka.pl\/?page_id=6"},"modified":"2022-08-12T20:09:35","modified_gmt":"2022-08-12T18:09:35","slug":"o-nas","status":"publish","type":"page","link":"https:\/\/noclegifilarowka.pl\/?page_id=6","title":{"rendered":"O nas"},"content":{"rendered":"<p>Noclegi Filar\u00f3wka oferuj\u0105 pokoje w domu prywatnym.<\/p>\n<p>Dom\u00a0 umiejscowiony jest w bardzo cichej okolicy, z dala od turystycznego zgie\u0142ku, a jednocze\u015bnie bardzo blisko Ojcowskiego Parku Narodowego, do kt\u00f3rego mo\u017cna dotrze\u0107 pieszo, lub na rowerze przez Dolin\u0119 S\u0105spowsk\u0105.<\/p>\n<p>Naszym partnerem jest serwis <a href=\"http:\/\/meteor-turystyka.pl\">meteor-turystyka.pl<\/a>.<\/p>\n\n\n<figure class=\"wp-block-image\"><img loading=\"lazy\" decoding=\"async\" width=\"1024\" height=\"683\" src=\"https:\/\/noclegifilarowka.pl\/wp-content\/uploads\/2019\/07\/505192481716387038106791961675979726258176o2037621800x1200-1024x683.jpg\" alt=\"\" class=\"wp-image-117\" srcset=\"https:\/\/noclegifilarowka.pl\/wp-content\/uploads\/2019\/07\/505192481716387038106791961675979726258176o2037621800x1200-1024x683.jpg 1024w, https:\/\/noclegifilarowka.pl\/wp-content\/uploads\/2019\/07\/505192481716387038106791961675979726258176o2037621800x1200-300x200.jpg 300w, https:\/\/noclegifilarowka.pl\/wp-content\/uploads\/2019\/07\/505192481716387038106791961675979726258176o2037621800x1200-768x512.jpg 768w, https:\/\/noclegifilarowka.pl\/wp-content\/uploads\/2019\/07\/505192481716387038106791961675979726258176o2037621800x1200.jpg 1800w\" sizes=\"auto, (max-width: 1024px) 100vw, 1024px\" \/><\/figure>\n\n\n\n<p>Ze wzgl\u0119du na ma\u0142o zabudowan\u0105 okolic\u0119 nasze pokoje maj\u0105 bezpo\u015brendni widok na okoliczne tereny zielone, co powoduje, \u017ce znajduj\u0105 si\u0119 one w najlepszej mo\u017cliwej lokalizacji pomi\u0119dzy drog\u0105 krajow\u0105 94, a Ojcowskim Parkiem Narodowym.<\/p>\n\n\n\n<figure class=\"wp-block-image\"><img decoding=\"async\" src=\"https:\/\/noclegifilarowka.pl\/wp-content\/uploads\/2019\/07\/mapa-dojazdu-e1564594897127.jpg\" alt=\"\"\/><\/figure>\n\n\n\n<p>Pensjonat znajduje si\u0119 w odleg\u0142o\u015bci ok 20 km. od Krakowa.<\/p>\n\n\n\n<p>Zapraszamy w nasze strony wszystkie osoby, chc\u0105ce obcowa\u0107 z natur\u0105, z dala od miejskiego zgie\u0142ku!<\/p>\n\n\n\n<figure class=\"wp-block-image\"><img loading=\"lazy\" decoding=\"async\" width=\"1024\" height=\"723\" src=\"https:\/\/noclegifilarowka.pl\/wp-content\/uploads\/2019\/07\/girl-1906405_1920-1024x723.jpg\" alt=\"\" class=\"wp-image-183\" srcset=\"https:\/\/noclegifilarowka.pl\/wp-content\/uploads\/2019\/07\/girl-1906405_1920-1024x723.jpg 1024w, https:\/\/noclegifilarowka.pl\/wp-content\/uploads\/2019\/07\/girl-1906405_1920-300x212.jpg 300w, https:\/\/noclegifilarowka.pl\/wp-content\/uploads\/2019\/07\/girl-1906405_1920-768x542.jpg 768w, https:\/\/noclegifilarowka.pl\/wp-content\/uploads\/2019\/07\/girl-1906405_1920.jpg 1920w\" sizes=\"auto, (max-width: 1024px) 100vw, 1024px\" \/><\/figure>\n","protected":false},"excerpt":{"rendered":"<p>Noclegi Filar\u00f3wka oferuj\u0105 pokoje w domu prywatnym. Dom\u00a0 umiejscowiony jest w bardzo cichej okolicy, z dala od turystycznego zgie\u0142ku, a jednocze\u015bnie bardzo blisko Ojcowskiego Parku Narodowego, do kt\u00f3rego mo\u017cna dotrze\u0107 pieszo, lub na rowerze przez Dolin\u0119 S\u0105spowsk\u0105. Naszym partnerem jest serwis meteor-turystyka.pl. Ze wzgl\u0119du na ma\u0142o zabudowan\u0105 okolic\u0119 nasze pokoje maj\u0105 bezpo\u015brendni widok na okoliczne [&hellip;]<\/p>\n","protected":false},"author":1,"featured_media":0,"parent":0,"menu_order":0,"comment_status":"closed","ping_status":"closed","template":"","meta":{"footnotes":""},"class_list":["post-6","page","type-page","status-publish","hentry"],"_links":{"self":[{"href":"https:\/\/noclegifilarowka.pl\/index.php?rest_route=\/wp\/v2\/pages\/6","targetHints":{"allow":["GET"]}}],"collection":[{"href":"https:\/\/noclegifilarowka.pl\/index.php?rest_route=\/wp\/v2\/pages"}],"about":[{"href":"https:\/\/noclegifilarowka.pl\/index.php?rest_route=\/wp\/v2\/types\/page"}],"author":[{"embeddable":true,"href":"https:\/\/noclegifilarowka.pl\/index.php?rest_route=\/wp\/v2\/users\/1"}],"replies":[{"embeddable":true,"href":"https:\/\/noclegifilarowka.pl\/index.php?rest_route=%2Fwp%2Fv2%2Fcomments&post=6"}],"version-history":[{"count":13,"href":"https:\/\/noclegifilarowka.pl\/index.php?rest_route=\/wp\/v2\/pages\/6\/revisions"}],"predecessor-version":[{"id":445,"href":"https:\/\/noclegifilarowka.pl\/index.php?rest_route=\/wp\/v2\/pages\/6\/revisions\/445"}],"wp:attachment":[{"href":"https:\/\/noclegifilarowka.pl\/index.php?rest_route=%2Fwp%2Fv2%2Fmedia&parent=6"}],"curies":[{"name":"wp","href":"https:\/\/api.w.org\/{rel}","templated":true}]}}