{"id":82,"date":"2019-07-26T23:32:23","date_gmt":"2019-07-26T21:32:23","guid":{"rendered":"https:\/\/noclegifilarowka.pl\/?page_id=82"},"modified":"2023-08-28T17:20:59","modified_gmt":"2023-08-28T15:20:59","slug":"dojazd","status":"publish","type":"page","link":"https:\/\/noclegifilarowka.pl\/?page_id=82","title":{"rendered":"Lokalizacja obiektu"},"content":{"rendered":"\n<p>Trasa dojazdu do naszego obiektu wiedzie przez drog\u0119 krajow\u0105 94, Krak\u00f3w-Olkusz.<br><br>Pensjonat znajduje si\u0119 w odleg\u0142o\u015bci ok. 1.5 km od w\/w drogi krajowej oraz ok. 4 km od Centrum Ojcowa, gdzie dotrze\u0107 mo\u017cna malowniczym szlakiem poprzez Dolin\u0119 S\u0105spowsk\u0105.<br> <br> Szczeg\u00f3\u0142owa mapa dojazdu:<\/p>\n\n\n\n<figure><iframe loading=\"lazy\" src=\"https:\/\/www.google.com\/maps\/embed?pb=!1m18!1m12!1m3!1d12510.600047743108!2d19.78409528893408!3d50.21286639701179!2m3!1f0!2f0!3f0!3m2!1i1024!2i768!4f13.1!3m3!1m2!1s0x4716f8c2e0946531%3A0xc8252b6ca2d43ab4!2zU8SFc3DDs3cgOTgsIDMyLTA0OCBTxIVzcMOzdw!5e1!3m2!1spl!2spl!4v1564176399115!5m2!1spl!2spl\" width=\"800\" height=\"600\" frameborder=\"0\" style=\"border:0\" allowfullscreen=\"\"><\/iframe><\/figure>\n\n\n\n<figure class=\"wp-block-embed-youtube wp-block-embed is-type-video is-provider-youtube wp-embed-aspect-16-9 wp-has-aspect-ratio\"><div class=\"wp-block-embed__wrapper\">\n<iframe loading=\"lazy\" title=\"DOJAZD DO FILAR\u00d3WKI NOW\u0104 DROG\u0104\" width=\"640\" height=\"360\" src=\"https:\/\/www.youtube.com\/embed\/wi34jdGD6vw?feature=oembed\" frameborder=\"0\" allow=\"accelerometer; autoplay; clipboard-write; encrypted-media; gyroscope; picture-in-picture; web-share\" referrerpolicy=\"strict-origin-when-cross-origin\" allowfullscreen><\/iframe>\n<\/div><\/figure>\n","protected":false},"excerpt":{"rendered":"<p>Trasa dojazdu do naszego obiektu wiedzie przez drog\u0119 krajow\u0105 94, Krak\u00f3w-Olkusz. Pensjonat znajduje si\u0119 w odleg\u0142o\u015bci ok. 1.5 km od w\/w drogi krajowej oraz ok. 4 km od Centrum Ojcowa, gdzie dotrze\u0107 mo\u017cna malowniczym szlakiem poprzez Dolin\u0119 S\u0105spowsk\u0105. Szczeg\u00f3\u0142owa mapa dojazdu:<\/p>\n","protected":false},"author":1,"featured_media":0,"parent":0,"menu_order":0,"comment_status":"closed","ping_status":"closed","template":"","meta":{"footnotes":""},"class_list":["post-82","page","type-page","status-publish","hentry"],"_links":{"self":[{"href":"https:\/\/noclegifilarowka.pl\/index.php?rest_route=\/wp\/v2\/pages\/82","targetHints":{"allow":["GET"]}}],"collection":[{"href":"https:\/\/noclegifilarowka.pl\/index.php?rest_route=\/wp\/v2\/pages"}],"about":[{"href":"https:\/\/noclegifilarowka.pl\/index.php?rest_route=\/wp\/v2\/types\/page"}],"author":[{"embeddable":true,"href":"https:\/\/noclegifilarowka.pl\/index.php?rest_route=\/wp\/v2\/users\/1"}],"replies":[{"embeddable":true,"href":"https:\/\/noclegifilarowka.pl\/index.php?rest_route=%2Fwp%2Fv2%2Fcomments&post=82"}],"version-history":[{"count":19,"href":"https:\/\/noclegifilarowka.pl\/index.php?rest_route=\/wp\/v2\/pages\/82\/revisions"}],"predecessor-version":[{"id":453,"href":"https:\/\/noclegifilarowka.pl\/index.php?rest_route=\/wp\/v2\/pages\/82\/revisions\/453"}],"wp:attachment":[{"href":"https:\/\/noclegifilarowka.pl\/index.php?rest_route=%2Fwp%2Fv2%2Fmedia&parent=82"}],"curies":[{"name":"wp","href":"https:\/\/api.w.org\/{rel}","templated":true}]}}