{"id":97,"date":"2019-07-27T00:02:41","date_gmt":"2019-07-26T22:02:41","guid":{"rendered":"https:\/\/noclegifilarowka.pl\/?page_id=97"},"modified":"2022-08-12T20:07:29","modified_gmt":"2022-08-12T18:07:29","slug":"ciekawostki-w-okolicy","status":"publish","type":"page","link":"https:\/\/noclegifilarowka.pl\/?page_id=97","title":{"rendered":"Okoliczne atrakcje"},"content":{"rendered":"\n<p class=\"has-text-align-center\">Po wiecej informacji zach\u0119camy do odwiedzenia oficjalnej strony Ojcowskiego Parku Narodowego: <br><a href=\"http:\/\/www.ojcowskiparknarodowy.pl\/\">www.ojcowskiparknarodowy.pl<\/a><\/p>\n\n\n\n<p><\/p>\n\n\n\n<p class=\"has-text-align-center has-medium-font-size\"><strong>Dolina S\u0105spowska<\/strong><\/p>\n\n\n\n<div class=\"wp-block-columns has-2-columns is-layout-flex wp-container-core-columns-is-layout-9d6595d7 wp-block-columns-is-layout-flex\">\n<div class=\"wp-block-column is-layout-flow wp-block-column-is-layout-flow\">\n<figure class=\"wp-block-image\"><img decoding=\"async\" src=\"https:\/\/upload.wikimedia.org\/wikipedia\/commons\/1\/15\/Dolina_S%C4%85spowska_OPN6_%2811%29.jpg\" alt=\"\"\/><figcaption>(fot. Wikipedia)<\/figcaption><\/figure>\n<\/div>\n\n\n\n<div class=\"wp-block-column is-layout-flow wp-block-column-is-layout-flow\">\n<p>Dolina S\u0105spowska jest drug\u0105 co do wielko\u015bci dolin\u0105 w Ojcowskim Parku Narodowym, ca\u0142a jej d\u0142ugo\u015b\u0107 to ok. 5 km.<br>Nasze noclegi znajduj\u0105 si\u0119 mniej wi\u0119cej w polowie tej przepi\u0119knej trasy!<br> <\/p>\n<\/div>\n<\/div>\n\n\n\n<p><\/p>\n\n\n\n<p class=\"has-text-align-center has-medium-font-size\"><strong>Dolina Pr\u0105dnika<\/strong><\/p>\n\n\n\n<div class=\"wp-block-columns has-2-columns is-layout-flex wp-container-core-columns-is-layout-9d6595d7 wp-block-columns-is-layout-flex\">\n<div class=\"wp-block-column is-layout-flow wp-block-column-is-layout-flow\">\n<p>Malownicza dolina rzeki Pr\u0105dnik.<\/p>\n\n\n\n<p><\/p>\n\n\n\n<p><\/p>\n\n\n\n<p><\/p>\n<\/div>\n\n\n\n<div class=\"wp-block-column is-layout-flow wp-block-column-is-layout-flow\">\n<figure class=\"wp-block-image\"><img decoding=\"async\" src=\"https:\/\/upload.wikimedia.org\/wikipedia\/commons\/b\/bf\/Dolina_Pr%C4%85dnika_a3.jpg\" alt=\"\"\/><figcaption>(fot. Wikipedia)<\/figcaption><\/figure>\n<\/div>\n<\/div>\n\n\n\n<p class=\"has-text-align-center has-medium-font-size\"><strong>Zamek w Pieskowej Skale<\/strong><\/p>\n\n\n\n<figure class=\"wp-block-image\"><img loading=\"lazy\" decoding=\"async\" width=\"1024\" height=\"400\" src=\"https:\/\/noclegifilarowka.pl\/wp-content\/uploads\/2019\/07\/paternity-national-park-1810392_1920-1024x400.jpg\" alt=\"Maczuga Herkulesa\" class=\"wp-image-42\" srcset=\"https:\/\/noclegifilarowka.pl\/wp-content\/uploads\/2019\/07\/paternity-national-park-1810392_1920-1024x400.jpg 1024w, https:\/\/noclegifilarowka.pl\/wp-content\/uploads\/2019\/07\/paternity-national-park-1810392_1920-300x117.jpg 300w, https:\/\/noclegifilarowka.pl\/wp-content\/uploads\/2019\/07\/paternity-national-park-1810392_1920-768x300.jpg 768w, https:\/\/noclegifilarowka.pl\/wp-content\/uploads\/2019\/07\/paternity-national-park-1810392_1920.jpg 1920w\" sizes=\"auto, (max-width: 1024px) 100vw, 1024px\" \/><\/figure>\n\n\n\n<div class=\"wp-block-columns has-2-columns is-layout-flex wp-container-core-columns-is-layout-9d6595d7 wp-block-columns-is-layout-flex\">\n<div class=\"wp-block-column is-layout-flow wp-block-column-is-layout-flow\">\n<figure class=\"wp-block-image is-resized\"><img loading=\"lazy\" decoding=\"async\" src=\"https:\/\/noclegifilarowka.pl\/wp-content\/uploads\/2019\/07\/paternity-national-park-1201422_1920-768x1024.jpg\" alt=\"\" class=\"wp-image-40\" width=\"271\" height=\"361\" srcset=\"https:\/\/noclegifilarowka.pl\/wp-content\/uploads\/2019\/07\/paternity-national-park-1201422_1920-768x1024.jpg 768w, https:\/\/noclegifilarowka.pl\/wp-content\/uploads\/2019\/07\/paternity-national-park-1201422_1920-225x300.jpg 225w, https:\/\/noclegifilarowka.pl\/wp-content\/uploads\/2019\/07\/paternity-national-park-1201422_1920.jpg 1440w\" sizes=\"auto, (max-width: 271px) 100vw, 271px\" \/><\/figure>\n<\/div>\n\n\n\n<div class=\"wp-block-column is-layout-flow wp-block-column-is-layout-flow\">\n<p>XIV wieczny zamek wybudowany przez Kazimierza III Wielkiego, po\u0142o\u017cony w miejscowo\u015bci Su\u0142oszowa w Dolinie Pr\u0105dnika.<br>Charakterystycznym elementem zamku jest polo\u017cona nieopodal  wapienna Maczuga Herkulesa.<\/p>\n\n\n\n<figure class=\"wp-block-image\"><img loading=\"lazy\" decoding=\"async\" width=\"1024\" height=\"575\" src=\"https:\/\/noclegifilarowka.pl\/wp-content\/uploads\/2019\/07\/paternity-national-park-2742115_1920-1024x575.jpg\" alt=\"\" class=\"wp-image-45\" srcset=\"https:\/\/noclegifilarowka.pl\/wp-content\/uploads\/2019\/07\/paternity-national-park-2742115_1920-1024x575.jpg 1024w, https:\/\/noclegifilarowka.pl\/wp-content\/uploads\/2019\/07\/paternity-national-park-2742115_1920-300x169.jpg 300w, https:\/\/noclegifilarowka.pl\/wp-content\/uploads\/2019\/07\/paternity-national-park-2742115_1920-768x432.jpg 768w, https:\/\/noclegifilarowka.pl\/wp-content\/uploads\/2019\/07\/paternity-national-park-2742115_1920.jpg 1920w\" sizes=\"auto, (max-width: 1024px) 100vw, 1024px\" \/><\/figure>\n<\/div>\n<\/div>\n\n\n\n<p class=\"has-text-align-center has-medium-font-size\"><strong>Brama Krakowska<\/strong><\/p>\n\n\n\n<div class=\"wp-block-columns has-2-columns is-layout-flex wp-container-core-columns-is-layout-9d6595d7 wp-block-columns-is-layout-flex\">\n<div class=\"wp-block-column is-layout-flow wp-block-column-is-layout-flow\">\n<figure class=\"wp-block-image\"><img decoding=\"async\" src=\"https:\/\/upload.wikimedia.org\/wikipedia\/commons\/thumb\/e\/ea\/Brama_Krakowska%2C_Dolina_Pr%C4%85dnika.jpg\/2560px-Brama_Krakowska%2C_Dolina_Pr%C4%85dnika.jpg\" alt=\"\"\/><figcaption>(fot. Wikipedia)<\/figcaption><\/figure>\n\n\n\n<p><\/p>\n<\/div>\n\n\n\n<div class=\"wp-block-column is-layout-flow wp-block-column-is-layout-flow\">\n<p>Jedna z skalnych bram znajduj\u0105cych si\u0119 na terenie Ojcowskiego Parku Narodowego.<\/p>\n\n\n\n<p>Przez bram\u0119 niegdy\u015b bieg\u0142  szlak handlowy z Krakowa, po czym odziedziczy\u0142a nazw\u0119.<\/p>\n\n\n\n<p>Bram\u0119 t\u0119 mo\u017cemy nazywa\u0107 dzie\u0142em sztuki, wytworzonym przez natur\u0119.<\/p>\n<\/div>\n<\/div>\n\n\n\n<p class=\"has-text-align-center has-medium-font-size\"><strong>Kaplica na wodzie<\/strong><\/p>\n\n\n\n<div class=\"wp-block-columns has-2-columns is-layout-flex wp-container-core-columns-is-layout-9d6595d7 wp-block-columns-is-layout-flex\">\n<div class=\"wp-block-column is-layout-flow wp-block-column-is-layout-flow\">\n<figure class=\"wp-block-image\"><img decoding=\"async\" src=\"https:\/\/upload.wikimedia.org\/wikipedia\/commons\/thumb\/6\/66\/Kaplica%22NaWodzie%22-POL%2C_Ojc%C3%B3w.jpg\/2560px-Kaplica%22NaWodzie%22-POL%2C_Ojc%C3%B3w.jpg\" alt=\"\"\/><figcaption>(fot. Wikipedia)<\/figcaption><\/figure>\n<\/div>\n\n\n\n<div class=\"wp-block-column is-layout-flow wp-block-column-is-layout-flow\">\n<p>Przepi\u0119kna kaplica pod wezwaniem&nbsp;\u015bwi\u0119tego J\u00f3zefa Robotnika.<\/p>\n\n\n\n<p>Obiekt jest czynny ca\u0142y rok, a w niedziel\u0119 obywaj\u0105 si\u0119 tam Msze \u015awi\u0119te.<\/p>\n<\/div>\n<\/div>\n\n\n\n<p class=\"has-text-align-center has-medium-font-size\"><strong>\u0179r\u00f3de\u0142ko mi\u0142o\u015bci<\/strong><\/p>\n\n\n\n<div class=\"wp-block-columns has-2-columns is-layout-flex wp-container-core-columns-is-layout-9d6595d7 wp-block-columns-is-layout-flex\">\n<div class=\"wp-block-column is-layout-flow wp-block-column-is-layout-flow\">\n<p>Tu\u017c za bram\u0105 Krakowsk\u0105 znajdziemy \u017arode\u0142ko czystej wody, zwane &#8222;\u017ar\u00f3de\u0142kiem mi\u0142o\u015bci&#8221;.<\/p>\n\n\n\n<p>Miejsce to jest idealne na odpoczynek w trasie dla zakochanych i nie tylko.<\/p>\n<\/div>\n\n\n\n<div class=\"wp-block-column is-layout-flow wp-block-column-is-layout-flow\">\n<figure class=\"wp-block-image\"><img decoding=\"async\" src=\"https:\/\/ojcow.malopolska.pl\/wp-content\/uploads\/2017\/07\/IMG_20170726_103701_HDR-1.jpg\" alt=\"\"\/><figcaption>(fot <a href=\"https:\/\/ojcow.malopolska.pl\/zrodelko-milosci-w-ojcowie\/\">ojcow.malopolska.pl<\/a>)<\/figcaption><\/figure>\n<\/div>\n<\/div>\n\n\n\n<p class=\"has-text-align-center has-medium-font-size\"><strong>Grota \u0141okietka<\/strong><\/p>\n\n\n\n<div class=\"wp-block-columns has-2-columns is-layout-flex wp-container-core-columns-is-layout-9d6595d7 wp-block-columns-is-layout-flex\">\n<div class=\"wp-block-column is-layout-flow wp-block-column-is-layout-flow\">\n<figure class=\"wp-block-image\"><img decoding=\"async\" src=\"https:\/\/upload.wikimedia.org\/wikipedia\/commons\/thumb\/3\/3c\/Jaskinia_Lokietka_Sala_Rycerska.jpg\/2560px-Jaskinia_Lokietka_Sala_Rycerska.jpg\" alt=\"\"\/><figcaption>(fot. Wikipedia)<\/figcaption><\/figure>\n<\/div>\n\n\n\n<div class=\"wp-block-column is-layout-flow wp-block-column-is-layout-flow\">\n<p>Przepi\u0119kna jaskinia krasowa o rozwini\u0119ciu poziomym, w kt\u00f3rej zgodnie z legend\u0105 mia\u0142 ukrywa\u0107 si\u0119 W\u0142adys\u0142aw \u0141okietek podczas ucieczki przed wojskami czeskiego w\u0142adcy Wac\u0142awa II<\/p>\n<\/div>\n<\/div>\n\n\n\n<p class=\"has-text-align-center has-medium-font-size\"><strong>Jaskinia nietoperzowa<\/strong><\/p>\n\n\n\n<div class=\"wp-block-columns has-2-columns is-layout-flex wp-container-core-columns-is-layout-9d6595d7 wp-block-columns-is-layout-flex\">\n<div class=\"wp-block-column is-layout-flow wp-block-column-is-layout-flow\">\n<p>Jaskinia nietoperzowa znajduje si\u0119 nieopodal nocleg\u00f3w, w miejscowo\u015bci Jerzmanowice.<br>Mo\u017cna do niej z powodzeniem dotrze\u0107 pieszo, jak i samochodem\/rowerem.<\/p>\n\n\n\n<p>W jaskini wci\u0105\u017c \u017cyj\u0105 przer\u00f3\u017cne gatunki nietoperzey, dlatego jest warta zobaczenia podczas pobytu w okolicy.<\/p>\n<\/div>\n\n\n\n<div class=\"wp-block-column is-layout-flow wp-block-column-is-layout-flow\">\n<figure class=\"wp-block-image\"><img decoding=\"async\" src=\"https:\/\/upload.wikimedia.org\/wikipedia\/commons\/8\/84\/Jaskinia_Nietoperzowa_a1.jpg\" alt=\"\"\/><figcaption>(fot. Wikipedia)<\/figcaption><\/figure>\n<\/div>\n<\/div>\n\n\n\n<p>A to tylko cz\u0119\u015b\u0107 z okolicznych atrakcji trustycznych Jury Krakowsko &#8211; Cz\u0119stochowskiej (<a href=\"https:\/\/meteor-turystyka.pl\/filarowka,saspow.html\" target=\"_blank\" rel=\"noreferrer noopener\">sprawd\u017a tu<\/a>)!<\/p>\n\n\n\n<p>Opr\u00f3cz Ojcowskiego Parku Narodowego warto odwiedzi\u0107 tak\u017ce pobliskie dolny:<\/p>\n\n\n\n<ul class=\"wp-block-list\"><li>Dolina B\u0119dkowska<\/li><li>Dolina Kluczwody<\/li><li>Dolina Bolechowicka<br><\/li><\/ul>\n\n\n\n<p><\/p>\n","protected":false},"excerpt":{"rendered":"<p>Po wiecej informacji zach\u0119camy do odwiedzenia oficjalnej strony Ojcowskiego Parku Narodowego: www.ojcowskiparknarodowy.pl Dolina S\u0105spowska Dolina S\u0105spowska jest drug\u0105 co do wielko\u015bci dolin\u0105 w Ojcowskim Parku Narodowym, ca\u0142a jej d\u0142ugo\u015b\u0107 to ok. 5 km.Nasze noclegi znajduj\u0105 si\u0119 mniej wi\u0119cej w polowie tej przepi\u0119knej trasy! Dolina Pr\u0105dnika Malownicza dolina rzeki Pr\u0105dnik. Zamek w Pieskowej Skale XIV wieczny [&hellip;]<\/p>\n","protected":false},"author":1,"featured_media":0,"parent":0,"menu_order":0,"comment_status":"closed","ping_status":"closed","template":"","meta":{"footnotes":""},"class_list":["post-97","page","type-page","status-publish","hentry"],"_links":{"self":[{"href":"https:\/\/noclegifilarowka.pl\/index.php?rest_route=\/wp\/v2\/pages\/97","targetHints":{"allow":["GET"]}}],"collection":[{"href":"https:\/\/noclegifilarowka.pl\/index.php?rest_route=\/wp\/v2\/pages"}],"about":[{"href":"https:\/\/noclegifilarowka.pl\/index.php?rest_route=\/wp\/v2\/types\/page"}],"author":[{"embeddable":true,"href":"https:\/\/noclegifilarowka.pl\/index.php?rest_route=\/wp\/v2\/users\/1"}],"replies":[{"embeddable":true,"href":"https:\/\/noclegifilarowka.pl\/index.php?rest_route=%2Fwp%2Fv2%2Fcomments&post=97"}],"version-history":[{"count":37,"href":"https:\/\/noclegifilarowka.pl\/index.php?rest_route=\/wp\/v2\/pages\/97\/revisions"}],"predecessor-version":[{"id":444,"href":"https:\/\/noclegifilarowka.pl\/index.php?rest_route=\/wp\/v2\/pages\/97\/revisions\/444"}],"wp:attachment":[{"href":"https:\/\/noclegifilarowka.pl\/index.php?rest_route=%2Fwp%2Fv2%2Fmedia&parent=97"}],"curies":[{"name":"wp","href":"https:\/\/api.w.org\/{rel}","templated":true}]}}